{"id":35,"date":"2023-08-07T13:59:43","date_gmt":"2023-08-07T11:59:43","guid":{"rendered":"http:\/\/miniaturemodelisme.fr\/?page_id=35"},"modified":"2023-11-27T08:49:25","modified_gmt":"2023-11-27T07:49:25","slug":"bourses-et-expositions","status":"publish","type":"page","link":"https:\/\/miniaturemodelisme.fr\/","title":{"rendered":"BOURSES &#038; EXPOSITIONS"},"content":{"rendered":"<div class=\"n2-section-smartslider fitvidsignore  n2_clear\" data-ssid=\"2\" tabindex=\"0\" role=\"region\" aria-label=\"Slider\"><div id=\"n2-ss-2-align\" class=\"n2-ss-align\"><div class=\"n2-padding\"><div id=\"n2-ss-2\" data-creator=\"Smart Slider 3\" data-responsive=\"auto\" class=\"n2-ss-slider n2-ow n2-has-hover n2notransition  \">\n\n\n\n<div class=\"n2-ss-slider-wrapper-inside\">\n        <div class=\"n2-ss-slider-1 n2_ss__touch_element n2-ow\">\n            <div class=\"n2-ss-slider-2 n2-ow\">\n                                                <div class=\"n2-ss-slider-3 n2-ow\">\n\n                    <div class=\"n2-ss-slide-backgrounds n2-ow-all\"><div class=\"n2-ss-slide-background\" data-public-id=\"1\" data-mode=\"fill\"><div class=\"n2-ss-slide-background-image\" data-blur=\"0\" data-opacity=\"100\" data-x=\"50\" data-y=\"50\" data-alt=\"\" data-title=\"\"><picture class=\"skip-lazy\" data-skip-lazy=\"1\"><img decoding=\"async\" src=\"\/\/miniaturemodelisme.fr\/wp-content\/uploads\/slider\/cache\/060d09a2c637079cded52463eeaf612f\/tain.jpg\" alt=\"\" title=\"\" loading=\"lazy\" class=\"skip-lazy\" data-skip-lazy=\"1\"><\/picture><\/div><div data-color=\"RGBA(255,255,255,0)\" style=\"background-color: RGBA(255,255,255,0);\" class=\"n2-ss-slide-background-color\"><\/div><\/div><div class=\"n2-ss-slide-background\" data-public-id=\"2\" data-mode=\"fill\" aria-hidden=\"true\"><div class=\"n2-ss-slide-background-image\" data-blur=\"0\" data-opacity=\"100\" data-x=\"50\" data-y=\"50\" data-alt=\"\" data-title=\"\"><picture class=\"skip-lazy\" data-skip-lazy=\"1\"><img decoding=\"async\" src=\"\/\/miniaturemodelisme.fr\/wp-content\/uploads\/slider\/cache\/467cdf46bda91acb9ccfa88d6ad15d72\/70170672_940851026248103_1549684527507439616_o.jpg\" alt=\"\" title=\"\" loading=\"lazy\" class=\"skip-lazy\" data-skip-lazy=\"1\"><\/picture><\/div><div data-color=\"RGBA(255,255,255,0)\" style=\"background-color: RGBA(255,255,255,0);\" class=\"n2-ss-slide-background-color\"><\/div><\/div><div class=\"n2-ss-slide-background\" data-public-id=\"3\" data-mode=\"fill\" aria-hidden=\"true\"><div class=\"n2-ss-slide-background-image\" data-blur=\"0\" data-opacity=\"100\" data-x=\"50\" data-y=\"50\" data-alt=\"\" data-title=\"\"><picture class=\"skip-lazy\" data-skip-lazy=\"1\"><img decoding=\"async\" src=\"\/\/miniaturemodelisme.fr\/wp-content\/uploads\/slider\/cache\/0ac287c07b970b3eb799dc6ec192a6f3\/71787011_940851926248013_5295735229049208832_o.jpg\" alt=\"\" title=\"\" loading=\"lazy\" class=\"skip-lazy\" data-skip-lazy=\"1\"><\/picture><\/div><div data-color=\"RGBA(255,255,255,0)\" style=\"background-color: RGBA(255,255,255,0);\" class=\"n2-ss-slide-background-color\"><\/div><\/div><\/div>                    <div class=\"n2-ss-slider-4 n2-ow\">\n                        <svg xmlns=\"http:\/\/www.w3.org\/2000\/svg\" viewBox=\"0 0 1200 600\" data-related-device=\"desktopPortrait\" class=\"n2-ow n2-ss-preserve-size n2-ss-preserve-size--slider n2-ss-slide-limiter\"><\/svg><div data-first=\"1\" data-slide-duration=\"0\" data-id=\"3\" data-slide-public-id=\"1\" data-title=\"Slide 1\" class=\"n2-ss-slide n2-ow  n2-ss-slide-3\"><div role=\"note\" class=\"n2-ss-slide--focus\" tabindex=\"-1\">Slide 1<\/div><div class=\"n2-ss-layers-container n2-ss-slide-limiter n2-ow\"><div class=\"n2-ss-layer n2-ow n-uc-ghp93JHL7bPt\" data-sstype=\"slide\" data-pm=\"default\"><div class=\"n2-ss-layer n2-ow n-uc-18e89118a361b\" data-pm=\"default\" data-sstype=\"content\" data-hasbackground=\"0\"><div class=\"n2-ss-section-main-content n2-ss-layer-with-background n2-ss-layer-content n2-ow n-uc-18e89118a361b-inner\"><div class=\"n2-ss-layer n2-ow n2-ss-layer--auto n2-ss-has-self-align n-uc-1e8bab3faf4ab\" data-pm=\"normal\" data-sstype=\"row\"><div class=\"n2-ss-layer-row n2-ss-layer-with-background n-uc-1e8bab3faf4ab-inner\"><div class=\"n2-ss-layer-row-inner \"><div class=\"n2-ss-layer n2-ow n-uc-180d73ea482d5\" data-pm=\"default\" data-sstype=\"col\"><div class=\"n2-ss-layer-col n2-ss-layer-with-background n2-ss-layer-content n-uc-180d73ea482d5-inner\"><div class=\"n2-ss-layer n2-ow n-uc-nQrmkaYGNhJE\" data-pm=\"normal\" data-sstype=\"layer\"><div id=\"n2-ss-2item1\" class=\"n2-font-1160526af6ebd70f7447120c3f785dca-hover   n2-ss-item-content n2-ss-text n2-ow\" style=\"display:block;\"><\/div><\/div><div class=\"n2-ss-layer n2-ow n-uc-aueDTG1MAg4Z\" data-pm=\"normal\" data-sstype=\"layer\"><div id=\"n2-ss-2item2\" class=\"n2-font-730bef4ec2d65c3fecbfc26927495ad1-hover   n2-ss-item-content n2-ss-text n2-ow\" style=\"display:block;\">Mod\u00e9lisme ferroviaire<\/div><\/div><\/div><\/div><\/div><\/div><\/div><\/div><\/div><\/div><\/div><\/div><div data-slide-duration=\"0\" data-id=\"4\" data-slide-public-id=\"2\" aria-hidden=\"true\" data-title=\"Slide 2\" class=\"n2-ss-slide n2-ow  n2-ss-slide-4\"><div role=\"note\" class=\"n2-ss-slide--focus\" tabindex=\"-1\">Slide 2<\/div><div class=\"n2-ss-layers-container n2-ss-slide-limiter n2-ow\"><div class=\"n2-ss-layer n2-ow n-uc-9Gm9cjyaEct2\" data-sstype=\"slide\" data-pm=\"default\"><div class=\"n2-ss-layer n2-ow n-uc-15484d0efcaf3\" data-pm=\"default\" data-sstype=\"content\" data-hasbackground=\"0\"><div class=\"n2-ss-section-main-content n2-ss-layer-with-background n2-ss-layer-content n2-ow n-uc-15484d0efcaf3-inner\"><div class=\"n2-ss-layer n2-ow n2-ss-layer--auto n2-ss-has-self-align n-uc-165aa652c5113\" data-pm=\"normal\" data-sstype=\"row\"><div class=\"n2-ss-layer-row n2-ss-layer-with-background n-uc-165aa652c5113-inner\"><div class=\"n2-ss-layer-row-inner \"><div class=\"n2-ss-layer n2-ow n-uc-114cb8a790513\" data-pm=\"default\" data-sstype=\"col\"><div class=\"n2-ss-layer-col n2-ss-layer-with-background n2-ss-layer-content n-uc-114cb8a790513-inner\"><div class=\"n2-ss-layer n2-ow n-uc-JTmPsHkFc3HB\" data-pm=\"normal\" data-sstype=\"layer\"><div id=\"n2-ss-2item3\" class=\"n2-font-1160526af6ebd70f7447120c3f785dca-hover   n2-ss-item-content n2-ss-text n2-ow\" style=\"display:block;\"><\/div><\/div><div class=\"n2-ss-layer n2-ow n-uc-5A84jjJt5PCI\" data-pm=\"normal\" data-sstype=\"layer\"><div id=\"n2-ss-2item4\" class=\"n2-font-730bef4ec2d65c3fecbfc26927495ad1-hover   n2-ss-item-content n2-ss-text n2-ow\" style=\"display:block;\">Le slot racing de Lionel<\/div><\/div><\/div><\/div><\/div><\/div><\/div><\/div><\/div><\/div><\/div><\/div><div data-slide-duration=\"0\" data-id=\"9\" data-slide-public-id=\"3\" aria-hidden=\"true\" data-title=\"Slide 2\" class=\"n2-ss-slide n2-ow  n2-ss-slide-9\"><div role=\"note\" class=\"n2-ss-slide--focus\" tabindex=\"-1\">Slide 2<\/div><div class=\"n2-ss-layers-container n2-ss-slide-limiter n2-ow\"><div class=\"n2-ss-layer n2-ow n-uc-oOhsp1TkI1Wh\" data-sstype=\"slide\" data-pm=\"default\"><div class=\"n2-ss-layer n2-ow n-uc-B42KCcLDCd4T\" data-pm=\"default\" data-sstype=\"content\" data-hasbackground=\"0\"><div class=\"n2-ss-section-main-content n2-ss-layer-with-background n2-ss-layer-content n2-ow n-uc-B42KCcLDCd4T-inner\"><div class=\"n2-ss-layer n2-ow n2-ss-layer--auto n2-ss-has-self-align n-uc-Mkq2OJ7yue97\" data-pm=\"normal\" data-sstype=\"row\"><div class=\"n2-ss-layer-row n2-ss-layer-with-background n-uc-Mkq2OJ7yue97-inner\"><div class=\"n2-ss-layer-row-inner \"><div class=\"n2-ss-layer n2-ow n-uc-HXiLxE8si1TV\" data-pm=\"default\" data-sstype=\"col\"><div class=\"n2-ss-layer-col n2-ss-layer-with-background n2-ss-layer-content n-uc-HXiLxE8si1TV-inner\"><div class=\"n2-ss-layer n2-ow n-uc-VMW8Eso4mYHm\" data-pm=\"normal\" data-sstype=\"layer\"><div id=\"n2-ss-2item5\" class=\"n2-font-1160526af6ebd70f7447120c3f785dca-hover   n2-ss-item-content n2-ss-text n2-ow\" style=\"display:block;\"><\/div><\/div><div class=\"n2-ss-layer n2-ow n-uc-FQFmI2XOfONx\" data-pm=\"normal\" data-sstype=\"layer\"><div id=\"n2-ss-2item6\" class=\"n2-font-730bef4ec2d65c3fecbfc26927495ad1-hover   n2-ss-item-content n2-ss-text n2-ow\" style=\"display:block;\">Sylvain et son mat\u00e9riel agricole<\/div><\/div><\/div><\/div><\/div><\/div><\/div><\/div><\/div><\/div><\/div><\/div>                    <\/div>\n\n                                    <\/div>\n            <\/div>\n        <\/div>\n        <div class=\"n2-ss-slider-controls n2-ss-slider-controls-absolute-right-bottom\"><div class=\"n2-ss-widget n2-style-52a27b9422f615fb2c24656151df03c2-heading nextend-arrow n2-ow-all nextend-arrow-next  nextend-arrow-animated-fade\" id=\"n2-ss-2-arrow-next\" role=\"button\" aria-label=\"next arrow\" tabindex=\"0\"><img loading=\"lazy\" decoding=\"async\" width=\"32\" height=\"32\" class=\"skip-lazy\" data-skip-lazy=\"1\" src=\"data:image\/svg+xml;base64,PHN2ZyB3aWR0aD0iMzIiIGhlaWdodD0iMzIiIHZpZXdCb3g9IjAgMCAzMiAzMiIgeG1sbnM9Imh0dHA6Ly93d3cudzMub3JnLzIwMDAvc3ZnIj4KICAgIDxwYXRoIGQ9Ik0yMiAxNS45OTd2LS4wMDNjMC0uNDA0LS4xNzYtLjc2OC0uNDYtMS4wMjhoLjAwMmwtOS04LjU3Mi0uMDA0LjAwNEMxMi4yNjggNi4xNSAxMS45MDIgNiAxMS41IDZjLS44MyAwLTEuNS42NC0xLjUgMS40MyAwIC40MzIuMjAzLjgyLjUyMyAxLjA4Mmw3Ljg2IDcuNDg1LTcuOTYzIDcuNTgzYy0uMjYuMjU3LS40Mi42MDYtLjQyLjk5IDAgLjc5LjY3IDEuNDMgMS41IDEuNDMuNDA0IDAgLjc3LS4xNTMgMS4wNC0uNGw5LjAwMi04LjU3di0uMDAyYy4yODItLjI2LjQ1OC0uNjI0LjQ1OC0xLjAyOHYtLjAwM3oiCiAgICAgICAgICBmaWxsPSIjZmZmZmZmIiBvcGFjaXR5PSIwLjgiIGZpbGwtcnVsZT0iZXZlbm9kZCIvPgo8L3N2Zz4=\" alt=\"next arrow\"><\/div><div class=\"n2-ss-widget n2-style-52a27b9422f615fb2c24656151df03c2-heading nextend-arrow n2-ow-all nextend-arrow-previous  nextend-arrow-animated-fade\" id=\"n2-ss-2-arrow-previous\" role=\"button\" aria-label=\"previous arrow\" tabindex=\"0\"><img loading=\"lazy\" decoding=\"async\" width=\"32\" height=\"32\" class=\"skip-lazy\" data-skip-lazy=\"1\" src=\"data:image\/svg+xml;base64,PHN2ZyB3aWR0aD0iMzIiIGhlaWdodD0iMzIiIHZpZXdCb3g9IjAgMCAzMiAzMiIgeG1sbnM9Imh0dHA6Ly93d3cudzMub3JnLzIwMDAvc3ZnIj4KICAgIDxwYXRoIGQ9Ik0yMS41OCAyMy41OGwtNy45NjItNy41ODMgNy44Ni03LjQ4NWMuMzItLjI2Mi41MjItLjY1LjUyMi0xLjA4M0MyMiA2LjY0IDIxLjMyOCA2IDIwLjUgNmMtLjQwMyAwLS43NjguMTUtMS4wMzguMzk4bC0uMDA0LS4wMDQtOSA4LjU3di4wMDJjLS4yODIuMjYtLjQ1OC42MjQtLjQ1OCAxLjAyOFYxNmMwIC40MDQuMTc2Ljc3LjQ2IDEuMDNoLS4wMDJsOSA4LjU3Yy4yNy4yNDcuNjM4LjQgMS4wNDIuNC44MyAwIDEuNS0uNjQgMS41LTEuNDMgMC0uMzg0LS4xNi0uNzMzLS40Mi0uOTl6IgogICAgICAgICAgZmlsbD0iI2ZmZmZmZiIgb3BhY2l0eT0iMC44IiBmaWxsLXJ1bGU9ImV2ZW5vZGQiLz4KPC9zdmc+\" alt=\"previous arrow\"><\/div><\/div><\/div><\/div><ss3-loader><\/ss3-loader><\/div><\/div><div class=\"n2_clear\"><\/div><\/div>\n\n<ul class=\"wp-block-latest-posts__list wp-block-latest-posts has-text-color has-nv-dark-bg-color\"><li><div class=\"wp-block-latest-posts__featured-image alignleft\"><a href=\"https:\/\/miniaturemodelisme.fr\/index.php\/2025\/12\/07\/bourse-2026\/\" aria-label=\"BOURSE 2026\"><img loading=\"lazy\" decoding=\"async\" width=\"150\" height=\"150\" src=\"https:\/\/miniaturemodelisme.fr\/wp-content\/uploads\/2025\/12\/IMG_4379-150x150.jpg\" class=\"attachment-thumbnail size-thumbnail wp-post-image\" alt=\"\" style=\"\" \/><\/a><\/div><a class=\"wp-block-latest-posts__post-title\" href=\"https:\/\/miniaturemodelisme.fr\/index.php\/2025\/12\/07\/bourse-2026\/\">BOURSE 2026<\/a><div class=\"wp-block-latest-posts__post-excerpt\">La prochaine bourse aux Miniatures et Jouets de Collection aura lieu le dimanche 27&hellip;&nbsp;<a href=\"https:\/\/miniaturemodelisme.fr\/index.php\/2025\/12\/07\/bourse-2026\/\" class=\"\" rel=\"bookmark\">Lire la suite &raquo;<span class=\"screen-reader-text\">BOURSE 2026<\/span><\/a><\/div><\/li>\n<li><div class=\"wp-block-latest-posts__featured-image alignleft\"><a href=\"https:\/\/miniaturemodelisme.fr\/index.php\/2025\/07\/30\/salon-avril-2026\/\" aria-label=\"SALON AVRIL 2026\"><img loading=\"lazy\" decoding=\"async\" width=\"150\" height=\"150\" src=\"https:\/\/miniaturemodelisme.fr\/wp-content\/uploads\/2025\/07\/\u200emodele-baniere-site-MMC.\u200e001-150x150.jpeg\" class=\"attachment-thumbnail size-thumbnail wp-post-image\" alt=\"\" style=\"\" \/><\/a><\/div><a class=\"wp-block-latest-posts__post-title\" href=\"https:\/\/miniaturemodelisme.fr\/index.php\/2025\/07\/30\/salon-avril-2026\/\">SALON AVRIL 2026<\/a><div class=\"wp-block-latest-posts__post-excerpt\">Pr\u00e9sentation : Les 25 et 26 avril 2026 \u00e0 La Couronne aura lieu notre&nbsp;SALON&hellip;&nbsp;<a href=\"https:\/\/miniaturemodelisme.fr\/index.php\/2025\/07\/30\/salon-avril-2026\/\" class=\"\" rel=\"bookmark\">Lire la suite &raquo;<span class=\"screen-reader-text\">SALON AVRIL 2026<\/span><\/a><\/div><\/li>\n<li><div class=\"wp-block-latest-posts__featured-image alignleft\"><a href=\"https:\/\/miniaturemodelisme.fr\/index.php\/2024\/11\/15\/la-bourse-2025\/\" aria-label=\"LA BOURSE 2025\"><img loading=\"lazy\" decoding=\"async\" width=\"150\" height=\"150\" src=\"https:\/\/miniaturemodelisme.fr\/wp-content\/uploads\/2024\/11\/Visuel-internet-et-presse-2025-150x150.jpg\" class=\"attachment-thumbnail size-thumbnail wp-post-image\" alt=\"\" style=\"\" \/><\/a><\/div><a class=\"wp-block-latest-posts__post-title\" href=\"https:\/\/miniaturemodelisme.fr\/index.php\/2024\/11\/15\/la-bourse-2025\/\">LA BOURSE 2025<\/a><div class=\"wp-block-latest-posts__post-excerpt\">Le dimanche 28 septembre 2025 aura lieu notre prochaine Bourse aux Miniatures et Jouets&hellip;&nbsp;<a href=\"https:\/\/miniaturemodelisme.fr\/index.php\/2024\/11\/15\/la-bourse-2025\/\" class=\"\" rel=\"bookmark\">Lire la suite &raquo;<span class=\"screen-reader-text\">LA BOURSE 2025<\/span><\/a><\/div><\/li>\n<li><div class=\"wp-block-latest-posts__featured-image alignleft\"><a href=\"https:\/\/miniaturemodelisme.fr\/index.php\/2024\/01\/11\/la-bourse-2024\/\" aria-label=\"LA BOURSE 2024\"><img loading=\"lazy\" decoding=\"async\" width=\"150\" height=\"150\" src=\"https:\/\/miniaturemodelisme.fr\/wp-content\/uploads\/2024\/05\/Affiche-2024-sans-pub-150x150.jpg\" class=\"attachment-thumbnail size-thumbnail wp-post-image\" alt=\"\" style=\"\" \/><\/a><\/div><a class=\"wp-block-latest-posts__post-title\" href=\"https:\/\/miniaturemodelisme.fr\/index.php\/2024\/01\/11\/la-bourse-2024\/\">LA BOURSE 2024<\/a><div class=\"wp-block-latest-posts__post-excerpt\">On a ajout\u00e9 des photos sur cette page. La date de la prochaine bourse&hellip;&nbsp;<a href=\"https:\/\/miniaturemodelisme.fr\/index.php\/2024\/01\/11\/la-bourse-2024\/\" class=\"\" rel=\"bookmark\">Lire la suite &raquo;<span class=\"screen-reader-text\">LA BOURSE 2024<\/span><\/a><\/div><\/li>\n<li><div class=\"wp-block-latest-posts__featured-image alignleft\"><a href=\"https:\/\/miniaturemodelisme.fr\/index.php\/2023\/08\/16\/le-salon-de-decembre\/\" aria-label=\"LE SALON DE D\u00c9CEMBRE\"><img loading=\"lazy\" decoding=\"async\" width=\"150\" height=\"150\" src=\"https:\/\/miniaturemodelisme.fr\/wp-content\/uploads\/2023\/08\/Expo-Ste-Bazeille-150x150.jpg\" class=\"attachment-thumbnail size-thumbnail wp-post-image\" alt=\"\" style=\"\" \/><\/a><\/div><a class=\"wp-block-latest-posts__post-title\" href=\"https:\/\/miniaturemodelisme.fr\/index.php\/2023\/08\/16\/le-salon-de-decembre\/\">LE SALON DE D\u00c9CEMBRE<\/a><div class=\"wp-block-latest-posts__post-excerpt\">2 et 3&nbsp;d\u00e9cembre 2023 \u00e0 La Couronne SALON MINIATURE ET MOD\u00c9LISME EN CHARENTE Les&hellip;&nbsp;<a href=\"https:\/\/miniaturemodelisme.fr\/index.php\/2023\/08\/16\/le-salon-de-decembre\/\" class=\"\" rel=\"bookmark\">Lire la suite &raquo;<span class=\"screen-reader-text\">LE SALON DE D\u00c9CEMBRE<\/span><\/a><\/div><\/li>\n<\/ul>","protected":false},"excerpt":{"rendered":"","protected":false},"author":1,"featured_media":79,"parent":0,"menu_order":0,"comment_status":"closed","ping_status":"closed","template":"","meta":{"neve_meta_sidebar":"left","neve_meta_container":"contained","neve_meta_enable_content_width":"","neve_meta_content_width":70,"neve_meta_title_alignment":"","neve_meta_author_avatar":"","neve_post_elements_order":"","neve_meta_disable_header":"off","neve_meta_disable_footer":"","neve_meta_disable_title":"","footnotes":""},"class_list":["post-35","page","type-page","status-publish","has-post-thumbnail","hentry"],"_links":{"self":[{"href":"https:\/\/miniaturemodelisme.fr\/index.php\/wp-json\/wp\/v2\/pages\/35","targetHints":{"allow":["GET"]}}],"collection":[{"href":"https:\/\/miniaturemodelisme.fr\/index.php\/wp-json\/wp\/v2\/pages"}],"about":[{"href":"https:\/\/miniaturemodelisme.fr\/index.php\/wp-json\/wp\/v2\/types\/page"}],"author":[{"embeddable":true,"href":"https:\/\/miniaturemodelisme.fr\/index.php\/wp-json\/wp\/v2\/users\/1"}],"replies":[{"embeddable":true,"href":"https:\/\/miniaturemodelisme.fr\/index.php\/wp-json\/wp\/v2\/comments?post=35"}],"version-history":[{"count":2,"href":"https:\/\/miniaturemodelisme.fr\/index.php\/wp-json\/wp\/v2\/pages\/35\/revisions"}],"predecessor-version":[{"id":289,"href":"https:\/\/miniaturemodelisme.fr\/index.php\/wp-json\/wp\/v2\/pages\/35\/revisions\/289"}],"wp:featuredmedia":[{"embeddable":true,"href":"https:\/\/miniaturemodelisme.fr\/index.php\/wp-json\/wp\/v2\/media\/79"}],"wp:attachment":[{"href":"https:\/\/miniaturemodelisme.fr\/index.php\/wp-json\/wp\/v2\/media?parent=35"}],"curies":[{"name":"wp","href":"https:\/\/api.w.org\/{rel}","templated":true}]}}